{"id":227,"date":"2018-10-23T15:48:13","date_gmt":"2018-10-23T13:48:13","guid":{"rendered":"http:\/\/cielterremassage.com\/?page_id=227"},"modified":"2024-10-25T20:05:44","modified_gmt":"2024-10-25T18:05:44","slug":"sales-conditions","status":"publish","type":"page","link":"https:\/\/cielterremassage.com\/index.php\/sales-conditions\/","title":{"rendered":"Sales conditions"},"content":{"rendered":"<p>Avertissement :<br \/>\nLe Massage d\u00e9tente ne rel\u00e8ve ni de la m\u00e9decine, ni de la masso-kin\u00e9sith\u00e9rapie, et ni de l\u2019ost\u00e9opathie et ne se substitue en aucun cas \u00e0 ces derniers.<br \/>\nEn cas de malaise ou de maladie, consultez un m\u00e9decin ou un professionnel de sant\u00e9, seules personnes aptes \u00e0 poser un diagnostic et \u00e0 traiter une maladie avec des solutions adapt\u00e9es.<br \/>\nLe praticien de massage se doit de respecter l\u2019int\u00e9grit\u00e9 physique et morale du patient.<\/p>\n<p>Le praticien de massage est tenu au secret professionnel.<br \/>\nLe massage d\u00e9tente n&rsquo;a aucun caract\u00e8re \u00e9rotique ou sexuel.<\/p>\n<p><em>Warning:<\/em><br \/>\n<em>The relaxation Massage has neither medical, ostheopathical, nor physiotherapical purposes and is not a substitute of the latters.<\/em><br \/>\n<em>If you feel unwell or ill, consult your doctor or health professional, who is the only person who can diagnose and treat a disease with appropriate solutions.<\/em><br \/>\n<em>The massage practitioner must respect the physical and moral integrity of the patient.<\/em><br \/>\n<em>The massage practitioner is bound by professional secrecy.<\/em><br \/>\n<em>The relaxation massage has no erotic or sexual character.<\/em><\/p>\n","protected":false},"excerpt":{"rendered":"<p>Avertissement : Le Massage d\u00e9tente ne rel\u00e8ve ni de la m\u00e9decine, ni de la masso-kin\u00e9sith\u00e9rapie, et ni de l\u2019ost\u00e9opathie et ne se substitue en aucun cas \u00e0 ces derniers. En cas de malaise ou de maladie, consultez un m\u00e9decin ou un professionnel de sant\u00e9, seules personnes aptes \u00e0 poser un diagnostic et \u00e0 traiter une [&hellip;]<\/p>\n","protected":false},"author":1,"featured_media":0,"parent":0,"menu_order":0,"comment_status":"closed","ping_status":"closed","template":"","meta":{"_crdt_document":"","site-sidebar-layout":"default","site-content-layout":"","ast-site-content-layout":"default","site-content-style":"default","site-sidebar-style":"default","ast-global-header-display":"","ast-banner-title-visibility":"","ast-main-header-display":"","ast-hfb-above-header-display":"","ast-hfb-below-header-display":"","ast-hfb-mobile-header-display":"","site-post-title":"","ast-breadcrumbs-content":"","ast-featured-img":"","footer-sml-layout":"","ast-disable-related-posts":"","theme-transparent-header-meta":"","adv-header-id-meta":"","stick-header-meta":"","header-above-stick-meta":"","header-main-stick-meta":"","header-below-stick-meta":"","astra-migrate-meta-layouts":"default","ast-page-background-enabled":"default","ast-page-background-meta":{"desktop":{"background-color":"var(--ast-global-color-5)","background-image":"","background-repeat":"repeat","background-position":"center center","background-size":"auto","background-attachment":"scroll","background-type":"","background-media":"","overlay-type":"","overlay-color":"","overlay-opacity":"","overlay-gradient":""},"tablet":{"background-color":"","background-image":"","background-repeat":"repeat","background-position":"center center","background-size":"auto","background-attachment":"scroll","background-type":"","background-media":"","overlay-type":"","overlay-color":"","overlay-opacity":"","overlay-gradient":""},"mobile":{"background-color":"","background-image":"","background-repeat":"repeat","background-position":"center center","background-size":"auto","background-attachment":"scroll","background-type":"","background-media":"","overlay-type":"","overlay-color":"","overlay-opacity":"","overlay-gradient":""}},"ast-content-background-meta":{"desktop":{"background-color":"var(--ast-global-color-4)","background-image":"","background-repeat":"repeat","background-position":"center center","background-size":"auto","background-attachment":"scroll","background-type":"","background-media":"","overlay-type":"","overlay-color":"","overlay-opacity":"","overlay-gradient":""},"tablet":{"background-color":"var(--ast-global-color-4)","background-image":"","background-repeat":"repeat","background-position":"center center","background-size":"auto","background-attachment":"scroll","background-type":"","background-media":"","overlay-type":"","overlay-color":"","overlay-opacity":"","overlay-gradient":""},"mobile":{"background-color":"var(--ast-global-color-4)","background-image":"","background-repeat":"repeat","background-position":"center center","background-size":"auto","background-attachment":"scroll","background-type":"","background-media":"","overlay-type":"","overlay-color":"","overlay-opacity":"","overlay-gradient":""}},"footnotes":""},"class_list":["post-227","page","type-page","status-publish","hentry"],"_links":{"self":[{"href":"https:\/\/cielterremassage.com\/index.php\/wp-json\/wp\/v2\/pages\/227","targetHints":{"allow":["GET"]}}],"collection":[{"href":"https:\/\/cielterremassage.com\/index.php\/wp-json\/wp\/v2\/pages"}],"about":[{"href":"https:\/\/cielterremassage.com\/index.php\/wp-json\/wp\/v2\/types\/page"}],"author":[{"embeddable":true,"href":"https:\/\/cielterremassage.com\/index.php\/wp-json\/wp\/v2\/users\/1"}],"replies":[{"embeddable":true,"href":"https:\/\/cielterremassage.com\/index.php\/wp-json\/wp\/v2\/comments?post=227"}],"version-history":[{"count":7,"href":"https:\/\/cielterremassage.com\/index.php\/wp-json\/wp\/v2\/pages\/227\/revisions"}],"predecessor-version":[{"id":391,"href":"https:\/\/cielterremassage.com\/index.php\/wp-json\/wp\/v2\/pages\/227\/revisions\/391"}],"wp:attachment":[{"href":"https:\/\/cielterremassage.com\/index.php\/wp-json\/wp\/v2\/media?parent=227"}],"curies":[{"name":"wp","href":"https:\/\/api.w.org\/{rel}","templated":true}]}}