{"id":61,"date":"2017-11-19T01:39:31","date_gmt":"2017-11-19T00:39:31","guid":{"rendered":"http:\/\/cielterremassage.com\/?page_id=61"},"modified":"2026-01-03T12:42:02","modified_gmt":"2026-01-03T11:42:02","slug":"amma-chair-massage-massage-amma-assis-habille","status":"publish","type":"page","link":"https:\/\/cielterremassage.com\/index.php\/amma-chair-massage-massage-amma-assis-habille\/","title":{"rendered":"Massages"},"content":{"rendered":"<h2>100% sports recovery massage \/ Massage 100 % R\u00e9cup\u00e9ration sportive<\/h2>\n<p>15 to 20 min Power plate massage + 35 to 40 min relaxing massage<\/p>\n<p><em><img loading=\"lazy\" decoding=\"async\" class=\"wp-image-320 alignnone\" src=\"http:\/\/cielterremassage.com\/wp-content\/uploads\/2024\/01\/Massage-Bien-Etre-60-minutes1.png\" alt=\"Massage recuperation du sportif\" width=\"299\" height=\"307\" \/><\/em><\/p>\n<p><em>Receive\u00a0first a Power plate massage, the\u00a0quickest and most efficient way to relieve leg muscle tension. Then, get a deep tissue massage to start fresh on the following day.\u00a0<\/em><\/p>\n<p><em>Recevez d\u2019abord un massage court et efficace avec le Power plate afin de d\u00e9nouer les tensions musculaires de vos jambes, puis un massage bien-\u00eatre manuel profond.\u00a0<\/em><\/p>\n<h2><\/h2>\n<h2>Relaxing Massage \/ Massage D\u00e9tente<\/h2>\n<p><img loading=\"lazy\" decoding=\"async\" class=\"wp-image-271 alignnone\" src=\"http:\/\/cielterremassage.com\/wp-content\/uploads\/2017\/11\/Massage-Bien-Etre-60-minutes.png\" alt=\"Massage Bien-Etre 60 minutes\" width=\"300\" height=\"251\" srcset=\"https:\/\/cielterremassage.com\/wp-content\/uploads\/2017\/11\/Massage-Bien-Etre-60-minutes.png 940w, https:\/\/cielterremassage.com\/wp-content\/uploads\/2017\/11\/Massage-Bien-Etre-60-minutes-300x251.png 300w, https:\/\/cielterremassage.com\/wp-content\/uploads\/2017\/11\/Massage-Bien-Etre-60-minutes-768x644.png 768w\" sizes=\"auto, (max-width: 300px) 100vw, 300px\" \/><\/p>\n<p><em>Inner silence between massage therapist and receiver&#8230;Release body tensions and stresses; enter this silent, inner space; feel alive. Through neutral positioning I wish to offer the quality of my presence, right contacting, listening and gesture. Appropriate techniques, adapted pressures, rhythm reinformation, shiatsu, deep tissue, lymphatic, reflex and interactive massages to relax body and mind and awaken the spirit.<\/em><\/p>\n<p>Lien de silence int\u00e9rieur entre le masseur et le mass\u00e9&#8230; Accueillez l\u2019abandon, prenez conscience de vos tensions et rel\u00e2chez les, \u00e9vacuez votre stress pour trouver cet espace int\u00e9rieur silencieux et le plaisir d\u2019exister.<br \/>\nJe souhaite offrir, par mon positionnement centr\u00e9, une qualit\u00e9 de pr\u00e9sence, une \u00e9coute et un geste justes. Les techniques appropri\u00e9es, la pression adapt\u00e9e, la r\u00e9information par le rythme, le shiatsu, le massage des tissus profonds, le massage lymphatique, r\u00e9flexe et interactif permettent petit \u00e0 petit l\u2019apaisement du corps et l\u2019\u00e9veil de l\u2019esprit.<\/p>\n<h2><\/h2>\n<h2><em>\u2018\u2019Amma\u2019\u2019 chair massage <\/em>\/ Massage \u00ab Amma \u00bb assis habill\u00e9<\/h2>\n<p><em><img loading=\"lazy\" decoding=\"async\" class=\"wp-image-290 alignnone\" src=\"http:\/\/cielterremassage.com\/wp-content\/uploads\/2017\/11\/massage-Amma.png\" alt=\"massage Amma Caroline de Klerk\" width=\"300\" height=\"252\" srcset=\"https:\/\/cielterremassage.com\/wp-content\/uploads\/2017\/11\/massage-Amma.png 940w, https:\/\/cielterremassage.com\/wp-content\/uploads\/2017\/11\/massage-Amma-300x251.png 300w, https:\/\/cielterremassage.com\/wp-content\/uploads\/2017\/11\/massage-Amma-768x644.png 768w\" sizes=\"auto, (max-width: 300px) 100vw, 300px\" \/><\/em><\/p>\n<p><em>Seated on an ergonomic chair and dressed, receive a rapid, practical and efficient massage, allowing complete body relaxation. Ideal for a relaxing and re-energitizing break at work and after sports.<\/em><\/p>\n<p>Assis et habill\u00e9, recevez un massage sur un si\u00e8ge ergonomique, permettant un rel\u00e2chement et une remise en forme pratique, rapide et efficace. La pause restructurante et r\u00e9-\u00e9nergisante id\u00e9ale au bureau et apr\u00e8s le sport !<\/p>\n<h2 tabindex=\"-1\" data-thread-perm-id=\"thread-f:1752472212276106330\" data-legacy-thread-id=\"185208312b75d45a\"><\/h2>\n<h2 id=\":p2\" class=\"hP\" tabindex=\"-1\" data-thread-perm-id=\"thread-f:1752472212276106330\" data-legacy-thread-id=\"185208312b75d45a\">Harmonization of body centres \/ Harmonisation des centres \u00e9nerg\u00e9tiques<\/h2>\n<p><em><img loading=\"lazy\" decoding=\"async\" class=\"wp-image-272 alignnone\" src=\"http:\/\/cielterremassage.com\/wp-content\/uploads\/2017\/11\/CENTRES-ENERGETIQUES.png\" alt=\"CENTRES ENERGETIQUES\" width=\"300\" height=\"252\" srcset=\"https:\/\/cielterremassage.com\/wp-content\/uploads\/2017\/11\/CENTRES-ENERGETIQUES.png 940w, https:\/\/cielterremassage.com\/wp-content\/uploads\/2017\/11\/CENTRES-ENERGETIQUES-300x251.png 300w, https:\/\/cielterremassage.com\/wp-content\/uploads\/2017\/11\/CENTRES-ENERGETIQUES-768x644.png 768w\" sizes=\"auto, (max-width: 300px) 100vw, 300px\" \/><\/em><\/p>\n<p><em>The harmonization of energy centres is a very precise listening protocol. Safely cocooned, lying down and dressed, the body triggers a very deep, long lasting and self-regulating process.\u00a0\u00a0<\/em><\/p>\n<p><em>L\u2019harmonisation des centres \u00e9nerg\u00e9tiques est un protocole d\u2019\u00e9coute tr\u00e8s pr\u00e9cis. Dans un cocon de s\u00e9curit\u00e9, allong\u00e9 et habill\u00e9, le corps d\u00e9clenche une auto-r\u00e9gulation tr\u00e8s profonde et durable. \u00a0<\/em><\/p>\n","protected":false},"excerpt":{"rendered":"<p>100% sports recovery massage \/ Massage 100 % R\u00e9cup\u00e9ration sportive 15 to 20 min Power plate massage + 35 to 40 min relaxing massage Receive\u00a0first a Power plate massage, the\u00a0quickest and most efficient way to relieve leg muscle tension. Then, get a deep tissue massage to start fresh on the following day.\u00a0 Recevez d\u2019abord un [&hellip;]<\/p>\n","protected":false},"author":1,"featured_media":29,"parent":0,"menu_order":0,"comment_status":"closed","ping_status":"closed","template":"","meta":{"_crdt_document":"","site-sidebar-layout":"default","site-content-layout":"","ast-site-content-layout":"default","site-content-style":"default","site-sidebar-style":"default","ast-global-header-display":"","ast-banner-title-visibility":"","ast-main-header-display":"","ast-hfb-above-header-display":"","ast-hfb-below-header-display":"","ast-hfb-mobile-header-display":"","site-post-title":"","ast-breadcrumbs-content":"","ast-featured-img":"disabled","footer-sml-layout":"","ast-disable-related-posts":"","theme-transparent-header-meta":"","adv-header-id-meta":"","stick-header-meta":"","header-above-stick-meta":"","header-main-stick-meta":"","header-below-stick-meta":"","astra-migrate-meta-layouts":"default","ast-page-background-enabled":"default","ast-page-background-meta":{"desktop":{"background-color":"var(--ast-global-color-5)","background-image":"","background-repeat":"repeat","background-position":"center center","background-size":"auto","background-attachment":"scroll","background-type":"","background-media":"","overlay-type":"","overlay-color":"","overlay-opacity":"","overlay-gradient":""},"tablet":{"background-color":"","background-image":"","background-repeat":"repeat","background-position":"center center","background-size":"auto","background-attachment":"scroll","background-type":"","background-media":"","overlay-type":"","overlay-color":"","overlay-opacity":"","overlay-gradient":""},"mobile":{"background-color":"","background-image":"","background-repeat":"repeat","background-position":"center center","background-size":"auto","background-attachment":"scroll","background-type":"","background-media":"","overlay-type":"","overlay-color":"","overlay-opacity":"","overlay-gradient":""}},"ast-content-background-meta":{"desktop":{"background-color":"var(--ast-global-color-4)","background-image":"","background-repeat":"repeat","background-position":"center center","background-size":"auto","background-attachment":"scroll","background-type":"","background-media":"","overlay-type":"","overlay-color":"","overlay-opacity":"","overlay-gradient":""},"tablet":{"background-color":"var(--ast-global-color-4)","background-image":"","background-repeat":"repeat","background-position":"center center","background-size":"auto","background-attachment":"scroll","background-type":"","background-media":"","overlay-type":"","overlay-color":"","overlay-opacity":"","overlay-gradient":""},"mobile":{"background-color":"var(--ast-global-color-4)","background-image":"","background-repeat":"repeat","background-position":"center center","background-size":"auto","background-attachment":"scroll","background-type":"","background-media":"","overlay-type":"","overlay-color":"","overlay-opacity":"","overlay-gradient":""}},"footnotes":""},"class_list":["post-61","page","type-page","status-publish","has-post-thumbnail","hentry"],"_links":{"self":[{"href":"https:\/\/cielterremassage.com\/index.php\/wp-json\/wp\/v2\/pages\/61","targetHints":{"allow":["GET"]}}],"collection":[{"href":"https:\/\/cielterremassage.com\/index.php\/wp-json\/wp\/v2\/pages"}],"about":[{"href":"https:\/\/cielterremassage.com\/index.php\/wp-json\/wp\/v2\/types\/page"}],"author":[{"embeddable":true,"href":"https:\/\/cielterremassage.com\/index.php\/wp-json\/wp\/v2\/users\/1"}],"replies":[{"embeddable":true,"href":"https:\/\/cielterremassage.com\/index.php\/wp-json\/wp\/v2\/comments?post=61"}],"version-history":[{"count":30,"href":"https:\/\/cielterremassage.com\/index.php\/wp-json\/wp\/v2\/pages\/61\/revisions"}],"predecessor-version":[{"id":463,"href":"https:\/\/cielterremassage.com\/index.php\/wp-json\/wp\/v2\/pages\/61\/revisions\/463"}],"wp:featuredmedia":[{"embeddable":true,"href":"https:\/\/cielterremassage.com\/index.php\/wp-json\/wp\/v2\/media\/29"}],"wp:attachment":[{"href":"https:\/\/cielterremassage.com\/index.php\/wp-json\/wp\/v2\/media?parent=61"}],"curies":[{"name":"wp","href":"https:\/\/api.w.org\/{rel}","templated":true}]}}